{"id":41,"date":"2013-11-28T19:46:13","date_gmt":"2013-11-28T18:46:13","guid":{"rendered":"http:\/\/osp.turek.net.pl\/?page_id=41"},"modified":"2026-04-13T19:35:29","modified_gmt":"2026-04-13T17:35:29","slug":"strona-glowna","status":"publish","type":"page","link":"http:\/\/www.mariuszharasny.pl\/","title":{"rendered":"Wst\u0119p"},"content":{"rendered":"<p><a href=\"http:\/\/www.mariuszharasny.pl\/wordpress\/wp-content\/uploads\/2013\/11\/10947724_1025762017440962_2104411023_n.jpg\"><img decoding=\"async\" loading=\"lazy\" class=\"alignleft size-medium wp-image-2512\" src=\"http:\/\/www.mariuszharasny.pl\/wordpress\/wp-content\/uploads\/2013\/11\/10947724_1025762017440962_2104411023_n-300x225.jpg\" alt=\"10947724_1025762017440962_2104411023_n\" width=\"300\" height=\"225\" srcset=\"http:\/\/www.mariuszharasny.pl\/wp-content\/uploads\/2013\/11\/10947724_1025762017440962_2104411023_n-300x225.jpg 300w, http:\/\/www.mariuszharasny.pl\/wp-content\/uploads\/2013\/11\/10947724_1025762017440962_2104411023_n-190x142.jpg 190w, http:\/\/www.mariuszharasny.pl\/wp-content\/uploads\/2013\/11\/10947724_1025762017440962_2104411023_n-60x45.jpg 60w, http:\/\/www.mariuszharasny.pl\/wp-content\/uploads\/2013\/11\/10947724_1025762017440962_2104411023_n-400x300.jpg 400w, http:\/\/www.mariuszharasny.pl\/wp-content\/uploads\/2013\/11\/10947724_1025762017440962_2104411023_n.jpg 752w\" sizes=\"(max-width: 300px) 100vw, 300px\" \/><\/a><b>Szanowni Pa\u0144stwo!<\/b><\/p>\n<p>W dobrej kondycji, z rado\u015bci\u0105 oczekuj\u0119 <strong>WIOSNY<\/strong>, aby po zimie wyruszy\u0107 w plener. Ograniczone do minimum infekcje i systematyczne leczenie odle\u017cyn pozwala mi na funkcjonowanie bez wi\u0119kszego b\u00f3lu.<br \/>\nDzi\u0119ki funduszom pozyskanym w ramach <b>1% podatku<\/b> mog\u0119 stosowa\u0107 konieczne lekarstwa, \u015brodki higieniczne i opatrunkowe oraz autoszczepionki i preparaty wzmacniaj\u0105ce.<br \/>\nW zdrowym ciele, zdrowy duch! Kiedy budz\u0119 si\u0119 po dobrze przespanej nocy, bez b\u00f3lu, to u\u015bmiech sam maluje si\u0119 na twarzy. Czuj\u0119, \u017ce mimo bardzo wielu ogranicze\u0144 mog\u0119 stawi\u0107 czo\u0142a wszystkim wyzwaniom, mog\u0119 pokona\u0107 ka\u017cd\u0105 trudno\u015b\u0107, bo jeste\u015bcie ze mn\u0105.<br \/>\nNadchodzi czas rozlicze\u0144 podatkowych i przy tej okazji bardzo prosz\u0119,<br \/>\n<b>nie zapominajcie Pa\u0144stwo o mnie! <\/b><\/p>\n<p><b>Prosz\u0119 o przekazanie 1% podatku na konto mojej fundacji.<\/b> Te \u015brodki pozwol\u0105 mi utrzyma\u0107 dobr\u0105 kondycj\u0119 i cieszy\u0107 si\u0119 ka\u017cdym dniem. Za ka\u017cdy dar serca ju\u017c teraz dzi\u0119kuj\u0119.<\/p>\n<p>numer <b>KRS: 0000270809<br \/>\n<\/b>w rubryce<b> INFORMACJE UZUPE\u0141NIAJ\u0104CE: &nbsp;<\/b><strong>HARA\u015aNY, 2771<\/strong>.<\/p>\n<p>&nbsp;<\/p>\n<p>&nbsp;<\/p>\n<p>&nbsp;<\/p>\n<p style=\"text-align: left;\"><a href=\"http:\/\/www.mariuszharasny.pl\/wordpress\/wp-content\/uploads\/2013\/11\/DSCF4863.jpg\"><img decoding=\"async\" loading=\"lazy\" class=\"alignleft size-medium wp-image-2395\" src=\"http:\/\/www.mariuszharasny.pl\/wordpress\/wp-content\/uploads\/2013\/11\/DSCF4863-300x241.jpg\" alt=\"DSCF4863\" width=\"300\" height=\"241\" srcset=\"http:\/\/www.mariuszharasny.pl\/wp-content\/uploads\/2013\/11\/DSCF4863-300x241.jpg 300w, http:\/\/www.mariuszharasny.pl\/wp-content\/uploads\/2013\/11\/DSCF4863-1024x824.jpg 1024w, http:\/\/www.mariuszharasny.pl\/wp-content\/uploads\/2013\/11\/DSCF4863-190x152.jpg 190w, http:\/\/www.mariuszharasny.pl\/wp-content\/uploads\/2013\/11\/DSCF4863-60x48.jpg 60w, http:\/\/www.mariuszharasny.pl\/wp-content\/uploads\/2013\/11\/DSCF4863-400x321.jpg 400w\" sizes=\"(max-width: 300px) 100vw, 300px\" \/><\/a><\/p>\n<p style=\"text-align: left;\">Nazywam si\u0119 <em>Mariusz Hara\u015bny<\/em>, urodzi\u0142em si\u0119 21maja 1979r.<\/p>\n<p style=\"text-align: left;\">Moje \u017cycie nie wyr\u00f3\u017cnia\u0142o si\u0119 niczym szczeg\u00f3lnym.&nbsp; \u2026 zabawa zawsze by\u0142a na pierwszym miejscu. Pami\u0119tam te ci\u0105g\u0142e wy\u015bcigi, w tym kto komu bardziej w czym\u015b zaimponuje. Chcia\u0142em zaimponowa\u0107 \u2026 W skoku do wody z saltem w powietrzu by\u0142em najlepszy. Wszystko mia\u0142em opanowane do perfekcji. Niestety nie tym razem\u2026 Mia\u0142em 19lat, nie my\u015bla\u0142em dojrzale o \u017cyciu, w g\u0142owie mia\u0142em pomys\u0142y pozbawione wyobra\u017ani. Mia\u0142em swoje marzenia, mia\u0142em \u017cycie, kt\u00f3re mog\u0142em bra\u0107 gar\u015bciami\u2026 Jeden skok przekre\u015bli\u0142 ca\u0142e moje dotychczasowe \u017cycie, odebra\u0142 wiele i solidnie ograniczy\u0142.<\/p>\n<p><strong>31maja 1998r czas si\u0119 dla mnie zatrzyma\u0142 \u2026<\/strong><\/p>\n<p>Diagnoza brzmi\u0105ca jak wyrok \u2013 z\u0142amany kr\u0119gos\u0142up. Czy od pocz\u0105tku zdawa\u0142em sobie spraw\u0119 co te s\u0142owa oznaczaj\u0105? Pewnie, \u017ce nie. Wszystko przychodzi\u0142o z czasem\u2026<\/p>\n<p>Kilka lat temu postanowi\u0142em spr\u00f3bowa\u0107 za\u0142o\u017cy\u0107 stron\u0119, kt\u00f3ra pokazywa\u0142aby \u017cycie po skoku. Stron\u0119 maj\u0105c\u0105 pos\u0142u\u017cy\u0107 jako przestroga. Ja &nbsp;te\u017c by\u0142em m\u0142ody, te\u017c my\u015bla\u0142em \u017ce nie ma rzeczy niemo\u017cliwych. Teraz wiem jak bardzo si\u0119 myli\u0142em.<\/p>\n<p>Przeczytacie tu o mojej walce o ka\u017cdy oddech, o walce o \u017cycie\u2026 Przeczytacie o marzeniach \u2013 dla wielu z Was zwyk\u0142ych, realnych, dla mnie praktycznie nieosi\u0105galnych. Znajdziecie tu galeri\u0119 i podzi\u0119kowania, znajdziecie bie\u017c\u0105ce wpisy. Zobaczycie jak cz\u0142owiek po skoku odnajduje si\u0119 w codziennym \u017cyciu.<\/p>\n<p><em>Na g\u0142\u00f3wnej stronie zamie\u015bci\u0142em apel <strong>\u201eNie skacz do wody\u201d<\/strong> \u2013 chcia\u0142bym, aby ka\u017cdy kto go przeczyta cho\u0107 na chwil\u0119 zatrzyma\u0142 si\u0119 w tym p\u0119dz\u0105cym \u015bwiecie i pomy\u015bla\u0142 jak wa\u017cne i cenne jest \u017cycie. Ja doceni\u0142em\u2026 troch\u0119 za p\u00f3\u017ano, ale \u017cyj\u0119 i zrobi\u0119 wszystko, aby to \u017cycie prze\u017cy\u0107 godnie.<\/em><\/p>\n<p>Drogi czytelniku, je\u015bli tu jeste\u015b \u2013 zostaw po sobie \u015blad. Udost\u0119pniony zosta\u0142 czat, w\u0142\u0105czona zosta\u0142a mo\u017cliwo\u015b\u0107 komentowania, ka\u017cdy jest tu mile widziany \ud83d\ude42<\/p>\n<p><b><i>Jestem Mariusz (<\/i><\/b><b><i>znajomi m\u00f3wi\u0105 na mnie Harna\u015b). W tym roku sko\u0144czy\u0142em 41lat. 22lata temu dosta\u0142em od&nbsp; Boga drug\u0105 szans\u0119 na \u017cycie \u2026 JESTEM SZCZ\u0118\u015aLIWY.&nbsp;<\/i><\/b><\/p>\n<p style=\"text-align: center;\"><a href=\"http:\/\/www.mariuszharasny.pl\/wordpress\/wp-content\/uploads\/2013\/11\/DSC_0087.jpg\"><img decoding=\"async\" loading=\"lazy\" class=\"size-medium wp-image-2391 aligncenter\" src=\"http:\/\/www.mariuszharasny.pl\/wordpress\/wp-content\/uploads\/2013\/11\/DSC_0087-300x200.jpg\" alt=\"DSC_0087\" width=\"300\" height=\"200\" srcset=\"http:\/\/www.mariuszharasny.pl\/wp-content\/uploads\/2013\/11\/DSC_0087-300x200.jpg 300w, http:\/\/www.mariuszharasny.pl\/wp-content\/uploads\/2013\/11\/DSC_0087-1024x685.jpg 1024w, http:\/\/www.mariuszharasny.pl\/wp-content\/uploads\/2013\/11\/DSC_0087-190x127.jpg 190w, http:\/\/www.mariuszharasny.pl\/wp-content\/uploads\/2013\/11\/DSC_0087-60x40.jpg 60w, http:\/\/www.mariuszharasny.pl\/wp-content\/uploads\/2013\/11\/DSC_0087-400x267.jpg 400w\" sizes=\"(max-width: 300px) 100vw, 300px\" \/><\/a><\/p>\n","protected":false},"excerpt":{"rendered":"<a href=\"http:\/\/www.mariuszharasny.pl\/\" style=\"background-image: url(http:\/\/www.mariuszharasny.pl\/wordpress\/wp-content\/uploads\/2013\/11\/10947724_1025762017440962_2104411023_n-300x225.jpg);\" class=\"thumb_crop\">http:\/\/www.mariuszharasny.pl\/wordpress\/wp-content\/uploads\/2013\/11\/10947724_1025762017440962_2104411023_n-300x225.jpg<\/a><p>Szanowni Pa\u0144stwo! W dobrej kondycji, z rado\u015bci\u0105 oczekuj\u0119 WIOSNY, aby po zimie wyruszy\u0107 w plener. Ograniczone do minimum infekcje i systematyczne leczenie odle\u017cyn pozwala mi na funkcjonowanie bez wi\u0119kszego b\u00f3lu. Dzi\u0119ki funduszom pozyskanym w ramach 1% podatku mog\u0119 stosowa\u0107 konieczne &hellip;<\/p>\n<div class=\"read_more\"><a href=\"http:\/\/www.mariuszharasny.pl\/\">read more<\/a><\/div>\n","protected":false},"author":1,"featured_media":0,"parent":17,"menu_order":2,"comment_status":"open","ping_status":"closed","template":"","meta":{"ngg_post_thumbnail":0},"_links":{"self":[{"href":"http:\/\/www.mariuszharasny.pl\/index.php?rest_route=\/wp\/v2\/pages\/41"}],"collection":[{"href":"http:\/\/www.mariuszharasny.pl\/index.php?rest_route=\/wp\/v2\/pages"}],"about":[{"href":"http:\/\/www.mariuszharasny.pl\/index.php?rest_route=\/wp\/v2\/types\/page"}],"author":[{"embeddable":true,"href":"http:\/\/www.mariuszharasny.pl\/index.php?rest_route=\/wp\/v2\/users\/1"}],"replies":[{"embeddable":true,"href":"http:\/\/www.mariuszharasny.pl\/index.php?rest_route=%2Fwp%2Fv2%2Fcomments&post=41"}],"version-history":[{"count":318,"href":"http:\/\/www.mariuszharasny.pl\/index.php?rest_route=\/wp\/v2\/pages\/41\/revisions"}],"predecessor-version":[{"id":39003,"href":"http:\/\/www.mariuszharasny.pl\/index.php?rest_route=\/wp\/v2\/pages\/41\/revisions\/39003"}],"up":[{"embeddable":true,"href":"http:\/\/www.mariuszharasny.pl\/index.php?rest_route=\/wp\/v2\/pages\/17"}],"wp:attachment":[{"href":"http:\/\/www.mariuszharasny.pl\/index.php?rest_route=%2Fwp%2Fv2%2Fmedia&parent=41"}],"curies":[{"name":"wp","href":"https:\/\/api.w.org\/{rel}","templated":true}]}}