{"id":33,"date":"2013-11-28T19:40:54","date_gmt":"2013-11-28T18:40:54","guid":{"rendered":"http:\/\/osp.turek.net.pl\/?page_id=33"},"modified":"2014-01-16T13:13:39","modified_gmt":"2014-01-16T12:13:39","slug":"podziekowania","status":"publish","type":"page","link":"http:\/\/www.mariuszharasny.pl\/?page_id=33","title":{"rendered":"Podzi\u0119kowania"},"content":{"rendered":"<p><a href=\"http:\/\/www.mariuszharasny.pl\/wordpress\/wp-content\/uploads\/2013\/11\/0048-baner-dziekuje.jpg\"><img decoding=\"async\" loading=\"lazy\" class=\"size-medium wp-image-780 alignleft\" alt=\"0048-baner-dziekuje\" src=\"http:\/\/www.mariuszharasny.pl\/wordpress\/wp-content\/uploads\/2013\/11\/0048-baner-dziekuje-300x182.jpg\" width=\"300\" height=\"182\" srcset=\"http:\/\/www.mariuszharasny.pl\/wp-content\/uploads\/2013\/11\/0048-baner-dziekuje-300x182.jpg 300w, http:\/\/www.mariuszharasny.pl\/wp-content\/uploads\/2013\/11\/0048-baner-dziekuje-190x115.jpg 190w, http:\/\/www.mariuszharasny.pl\/wp-content\/uploads\/2013\/11\/0048-baner-dziekuje-60x36.jpg 60w, http:\/\/www.mariuszharasny.pl\/wp-content\/uploads\/2013\/11\/0048-baner-dziekuje-400x243.jpg 400w, http:\/\/www.mariuszharasny.pl\/wp-content\/uploads\/2013\/11\/0048-baner-dziekuje.jpg 450w\" sizes=\"(max-width: 300px) 100vw, 300px\" \/><\/a>Jednym z g\u0142\u00f3wnych i wydawa\u0142o by si\u0119 ma\u0142o realnych marze\u0144 tu\u017c po wypadku by\u0142 m\u00f3j w\u0142asny pokoik. Taki przy domu, w kt\u00f3rym m\u00f3g\u0142bym zamieszka\u0107 na sta\u0142e z rodzin\u0105 \u2013 rodzicami, babci\u0105 i rodze\u0144stwem.<\/p>\n<p>Ci\u0105g\u0142e podr\u00f3\u017ce i powroty do Ko\u0142a, gdzie wtedy jeszcze mieszka\u0142em stawa\u0142y si\u0119 coraz bardziej m\u0119cz\u0105ce. Niestety koszty takiej dobudowy znacznie przewy\u017csza\u0142y nasze mo\u017cliwo\u015bci finansowe i sprawia\u0142y \u017ce m\u00f3j w\u0142asny pok\u00f3j by\u0142 tylko moim marzeniem\u2026<\/p>\n<p>Zaskoczy\u0142o mnie to \u017ce w dzisiejszych trudnych czasach znajd\u0105 si\u0119 ludzie, kt\u00f3rzy bezinteresownie chc\u0105 ofiarowa\u0107 swoj\u0105 pomoc.<\/p>\n<p>G\u0142\u00f3wnymi osobami, kt\u00f3re w\u0142\u0105czy\u0142y si\u0119 do akcji spe\u0142niania mojego marzenia byli: W\u00f3jt Gminy pan Miros\u0142aw Broniszewski i panie redaktorki z gazety Echa Turku, kt\u00f3re na\u015bwietli\u0142y ca\u0142y temat. Cz\u0119\u015b\u0107 koszt\u00f3w zwi\u0105zanych z dostosowaniem mieszkania dla potrzeb osoby niepe\u0142nosprawnej pokry\u0142o Powiatowe Centrum Pomocy Rodzinie w Turku oraz Gminny O\u015brodek Opieki Spo\u0142ecznej w Przykonie. \u00a0Dzi\u0119kuj\u0119 Szkole Podstawowej w \u017bukach (nikt ze szko\u0142y nie zapomnia\u0142 o swoim wychowanku nios\u0105c mi pomoc w trudnych \u017cyciowych sytuacjach), personelowi Domu Pomocy Spo\u0142ecznej (z kt\u00f3rym do dzi\u015b jestem zaprzyja\u017aniony) i panu Zi\u0119tkowi, kt\u00f3ry wykona\u0142 projekt dobudowy pokoju.<\/p>\n<p>W spe\u0142nieniu marzenia pomaga\u0142a ca\u0142a moja rodzina, kuzyni, koledzy, s\u0105siedzi. Szczeg\u00f3lnie dzi\u0119kuj\u0119 mojemu szwagrowi Jurkowi i wujowi Janowi (chrzestnemu bratu mojego taty). Tu na mojej stronie chcia\u0142bym podzi\u0119kowa\u0107 wszystkim, kt\u00f3rzy z mojego marzenia uczynili rzecz realn\u0105. Nie chcia\u0142bym wymienia\u0107 tych os\u00f3b z imienia i nazwiska, gdy\u017c m\u00f3g\u0142bym kogo\u015b niechc\u0105cy pomin\u0105\u0107. Dzi\u0119ki Wam czuj\u0119 si\u0119 silniejszy i \u0142atwiej mi wytrwa\u0107 w chorobie i bezradno\u015bci. Dlatego wszyscy, kt\u00f3rzy do\u0142o\u017cyli cho\u0107 ma\u0142\u0105 cegie\u0142k\u0119 zajmuj\u0105 w moim sercu specjalne, wyj\u0105tkowe miejsce.<\/p>\n<p>Dzi\u015b patrz\u0105c oczami osoby niepe\u0142nosprawnej widz\u0119 b\u00f3l i cierpienie, kt\u00f3re spot\u0119gowane jest kalectwem. Ale dzi\u0119ki nadziei i marzeniom, silnej woli oraz ludzkiej \u017cyczliwo\u015bci ten b\u00f3l przeradza si\u0119 w ch\u0119\u0107 do \u017cycia. Do bycia potrzebnym, do bycia akceptowalnym bez wzgl\u0119du na wygl\u0105d. Dlatego te\u017c moim zdaniem \u017cyczliwo\u015b\u0107 ludzka, dobre s\u0142owo, bezinteresowny gest s\u0105 jednostk\u0105 nap\u0119dow\u0105, kt\u00f3ra pozwala pokona\u0107 przeszkody, jakie los rzuca nam na \u015bcie\u017cce \u017cycia.<\/p>\n<p>Na zako\u0144czenie chcia\u0142bym raz jeszcze gor\u0105co wszystkim podzi\u0119kowa\u0107 za okazan\u0105 pomoc, za wra\u017cliwo\u015b\u0107 i za to \u017ce moje marzenie mog\u0142o si\u0119 spe\u0142ni\u0107 J<\/p>\n<p><strong>SERDECZNIE DZI\u0118KUJ\u0118<\/strong><\/p>\n<p><em>Mariusz<\/em><\/p>\n","protected":false},"excerpt":{"rendered":"<a href=\"http:\/\/www.mariuszharasny.pl\/?page_id=33\" style=\"background-image: url(http:\/\/www.mariuszharasny.pl\/wordpress\/wp-content\/uploads\/2013\/11\/0048-baner-dziekuje-300x182.jpg);\" class=\"thumb_crop\">http:\/\/www.mariuszharasny.pl\/wordpress\/wp-content\/uploads\/2013\/11\/0048-baner-dziekuje-300x182.jpg<\/a><p>Jednym z g\u0142\u00f3wnych i wydawa\u0142o by si\u0119 ma\u0142o realnych marze\u0144 tu\u017c po wypadku by\u0142 m\u00f3j w\u0142asny pokoik. Taki przy domu, w kt\u00f3rym m\u00f3g\u0142bym zamieszka\u0107 na sta\u0142e z rodzin\u0105 \u2013 rodzicami, babci\u0105 i rodze\u0144stwem. Ci\u0105g\u0142e podr\u00f3\u017ce i powroty do Ko\u0142a, gdzie &hellip;<\/p>\n<div class=\"read_more\"><a href=\"http:\/\/www.mariuszharasny.pl\/?page_id=33\">read more<\/a><\/div>\n","protected":false},"author":1,"featured_media":0,"parent":0,"menu_order":96,"comment_status":"open","ping_status":"open","template":"","meta":{"ngg_post_thumbnail":0},"_links":{"self":[{"href":"http:\/\/www.mariuszharasny.pl\/index.php?rest_route=\/wp\/v2\/pages\/33"}],"collection":[{"href":"http:\/\/www.mariuszharasny.pl\/index.php?rest_route=\/wp\/v2\/pages"}],"about":[{"href":"http:\/\/www.mariuszharasny.pl\/index.php?rest_route=\/wp\/v2\/types\/page"}],"author":[{"embeddable":true,"href":"http:\/\/www.mariuszharasny.pl\/index.php?rest_route=\/wp\/v2\/users\/1"}],"replies":[{"embeddable":true,"href":"http:\/\/www.mariuszharasny.pl\/index.php?rest_route=%2Fwp%2Fv2%2Fcomments&post=33"}],"version-history":[{"count":5,"href":"http:\/\/www.mariuszharasny.pl\/index.php?rest_route=\/wp\/v2\/pages\/33\/revisions"}],"predecessor-version":[{"id":3168,"href":"http:\/\/www.mariuszharasny.pl\/index.php?rest_route=\/wp\/v2\/pages\/33\/revisions\/3168"}],"wp:attachment":[{"href":"http:\/\/www.mariuszharasny.pl\/index.php?rest_route=%2Fwp%2Fv2%2Fmedia&parent=33"}],"curies":[{"name":"wp","href":"https:\/\/api.w.org\/{rel}","templated":true}]}}