{"id":31,"date":"2013-11-28T19:40:20","date_gmt":"2013-11-28T18:40:20","guid":{"rendered":"http:\/\/osp.turek.net.pl\/?page_id=31"},"modified":"2013-12-22T12:24:31","modified_gmt":"2013-12-22T11:24:31","slug":"moje-marzenia","status":"publish","type":"page","link":"http:\/\/www.mariuszharasny.pl\/?page_id=31","title":{"rendered":"Moje marzenia"},"content":{"rendered":"<p><a href=\"http:\/\/www.mariuszharasny.pl\/wordpress\/wp-content\/uploads\/2013\/11\/nie_rezygnujmy_z_marzen.jpg\"><img decoding=\"async\" loading=\"lazy\" class=\"size-medium wp-image-773 alignleft\" alt=\"nie_rezygnujmy_z_marzen\" src=\"http:\/\/www.mariuszharasny.pl\/wordpress\/wp-content\/uploads\/2013\/11\/nie_rezygnujmy_z_marzen-300x206.jpg\" width=\"300\" height=\"206\" srcset=\"http:\/\/www.mariuszharasny.pl\/wp-content\/uploads\/2013\/11\/nie_rezygnujmy_z_marzen-300x206.jpg 300w, http:\/\/www.mariuszharasny.pl\/wp-content\/uploads\/2013\/11\/nie_rezygnujmy_z_marzen-190x130.jpg 190w, http:\/\/www.mariuszharasny.pl\/wp-content\/uploads\/2013\/11\/nie_rezygnujmy_z_marzen-60x41.jpg 60w, http:\/\/www.mariuszharasny.pl\/wp-content\/uploads\/2013\/11\/nie_rezygnujmy_z_marzen-400x274.jpg 400w, http:\/\/www.mariuszharasny.pl\/wp-content\/uploads\/2013\/11\/nie_rezygnujmy_z_marzen.jpg 450w\" sizes=\"(max-width: 300px) 100vw, 300px\" \/><\/a>Ka\u017cdy z nas ma marzenia. Poka\u017ccie mi cho\u0107 jedn\u0105 osob\u0119, kt\u00f3ra ich nie ma. No w\u0142a\u015bnie \ud83d\ude09<\/p>\n<p>Ja te\u017c mam swoje marzenia. Nie jest ich a\u017c tak du\u017co, kilka istotnych by si\u0119 znalaz\u0142o \ud83d\ude09 M\u00f3wi si\u0119, \u017ce marzenia wypowiedziane g\u0142o\u015bno si\u0119 spe\u0142niaj\u0105. Wi\u0119c i ja wypowiem je g\u0142o\u015bno, tak g\u0142o\u015bno aby kt\u00f3re\u015b z nich sta\u0142o si\u0119 realne \ud83d\ude09<\/p>\n<p><strong><i>1. By\u0107 zdrowym<\/i><\/strong> \u2013 to oczywiste i istotne marzenie wi\u0105\u017ce si\u0119 z cofni\u0119ciem w czasie \u2026 nie realne, ale pomarzy\u0107 zawsze mo\u017cna, po prostu chcia\u0142bym, aby tego skoku nigdy nie by\u0142o\u2026 Chcia\u0142bym, aby obecny stan zdrowia utrzymywa\u0142 si\u0119 jak najd\u0142u\u017cej, abym nie chorowa\u0142 i nie obci\u0105\u017ca\u0142 mamy, kt\u00f3ra i tak ma ze mn\u0105 skaranie (jej praca to 24godzinna opieka nade mn\u0105). Choroby chorobami, jest jeszcze psychika. Ona odgrywa du\u017c\u0105 rol\u0119 w moim \u017cyciu. Nie mog\u0119 si\u0119 poddawa\u0107, musz\u0119 by\u0107 podpor\u0105 dla ca\u0142ej rodziny. I wiem, \u017ce mimo mojej niepe\u0142nosprawno\u015bci ca\u0142kiem nie\u017ale mi to wychodzi \ud83d\ude09 Marzenie o byciu zdrowym zajmuje miejsce nr 1 \u2013 bo bez zdrowia odechciewa si\u0119 wszystkiego.<\/p>\n<p><strong>2<\/strong>. Numerem 2 na mojej prywatnej li\u015bcie jest <i><strong>rodzina<\/strong>. <\/i>Rodzina zawsze by\u0142a dla mnie najwa\u017cniejsza i chcia\u0142em stworzy\u0107 w\u0142asn\u0105 \u2013 mie\u0107 pi\u0119kn\u0105 \u017con\u0119, sp\u0142odzi\u0107 syna\u00a0 (pierwszego \u2013 gdyby si\u0119 uda\u0142o\u00a0\u00a0),\u00a0chcia\u0142em wybudowa\u0107 dom w kt\u00f3rym \u017cona i dzieci mia\u0142yby schronienie, dom wype\u0142niony mi\u0142o\u015bci\u0105 i poczuciem bezpiecze\u0144stwa, dom na miar\u0119 marze\u0144, kt\u00f3re wi\u0119kszo\u015b\u0107 z nas ma. Aby by\u0142o mi\u0142o i przytulnie. Chcia\u0142em by\u0107 kochaj\u0105cym ojcem i kochaj\u0105cym m\u0119\u017cem , aby najbli\u017csi mieli we mnie wsparcie, chcia\u0142em bawi\u0107 si\u0119 z dzie\u0107mi w ogrodzie,\u00a0 sadzi\u0107 drzewka\u2026 Chcia\u0142em m\u00f3c przytuli\u0107 si\u0119 do kochanej osoby, \u017cy\u0107 pe\u0142n\u0105 piersi\u0105, rozwija\u0107 si\u0119. M\u00f3c wyj\u015b\u0107 z kolegami i przyjaci\u00f3\u0142mi na piwo, porozmawia\u0107, bawi\u0107 si\u0119, ta\u0144czy\u0107, wchodzi\u0107 na wszystkie mo\u017cliwe szczyty \u00a0i je zdobywa\u0107. Zdobywa\u0107 \u00a0na w\u0142asnych nogach\u2026<\/p>\n<p>Teraz po skoku wiem, \u017ce nigdy nie b\u0119d\u0119 mia\u0142 rodziny z moich marze\u0144. Nie b\u0119d\u0119 mia\u0142 dziewczyny, narzeczonej, \u017cony \u2013 chocia\u017c bardzo, bardzo bym chcia\u0142; osoby, kt\u00f3ra ciep\u0142ym s\u0142owem, drobnym gestem, my\u015bl\u0105 by mnie rozumia\u0142a i wspiera\u0142a, osoby, kt\u00f3ra by mnie przytula\u0142a, ca\u0142owa\u0142a, kocha\u0142a\u2026 Wiem i znam zwi\u0105zki, w kt\u00f3rych jedno jest osob\u0105 niepe\u0142nosprawn\u0105 i nie ma w tym \u017cadnego problemu. Ale moja psychika i sumienie nie pozwalaj\u0105 mi dopu\u015bci\u0107 do siebie mojej drugiej po\u0142\u00f3wki. Dla mnie to zbyt obarczaj\u0105ce i wyczerpuj\u0105ce. Mo\u017ce gdybym mia\u0142 sprawne r\u0119ce \u2026 my\u015bl\u0119 \u017ce du\u017co \u00a0by to u\u0142atwi\u0142o. Medycyna idzie tak szybko do przodu, \u017ce kto wie, mo\u017ce kiedy\u015b \ud83d\ude09 Ale dziewczyny \u2013 poca\u0142unki mile widziane \ud83d\ude09<\/p>\n<p><strong><i>3.\u00a0<\/i><\/strong><i><strong>Lot \u015bmig\u0142owcem<\/strong> \u2013 <\/i>marzenie realne i przyziemne J Zobaczy\u0107 ziemi\u0119 z perspektywy ptaka, wzbi\u0107 si\u0119 wysoko, poczu\u0107 adrenalin\u0119 i by\u0107 wolnym. Mo\u017ce kiedy\u015b mi si\u0119 uda, wtedy zobaczycie foto relacj\u0119 na stronce \ud83d\ude09<\/p>\n<p><strong><i>4.\u00a0<\/i><\/strong><i><strong>G\u00f3ry<\/strong> \u2013<\/i> marzenie tl\u0105ce si\u0119 od zawsze w moim sercu. Pojecha\u0107 w g\u00f3ry, do Zakopanego, poczu\u0107 atmosfer\u0119 tamtego rejonu, napi\u0107 si\u0119 w\u00f3deczki z g\u00f3ralem J Kiedy\u015b przeje\u017cd\u017ca\u0142em z Tat\u0105 przez Krak\u00f3w, pami\u0119tam jak wtedy powiedzia\u0142em : ja tu kiedy\u015b wr\u00f3c\u0119 \ud83d\ude09 Powoli planuj\u0119 tak\u0105 wypraw\u0119, ale zawsze jest strach o zdrowie, o przejazd. By\u0142by to nie lada wyczyn, ale my\u015bl\u0119 i wiem, \u017ce do odwa\u017cnych \u015bwiat nale\u017cy. Wi\u0119c dr\u017cyjcie g\u00f3ry \u2013 Harna\u015b kiedy\u015b przyb\u0119dzie \ud83d\ude09<\/p>\n<p><strong><i>5.\u00a0<\/i><\/strong><i><strong>Dom nie do poznania<\/strong> \u2013<\/i> program lec\u0105cy w soboty na Polsacie, kr\u0119cony w USA. Program poruszy\u0142 mnie do tego stopnia, i\u017c zapragn\u0105\u0142em aby taka ekipa wpad\u0142a do mojego domku. Nowe, odpicowane sprz\u0119ty, rob\u00f3tki, majsterkowanie \u2013 to wszystko co mnie kr\u0119ci, bezpiecze\u0144stwo, poczucie warto\u015bci, i dom marze\u0144\u2026 niestety na razie tylko w Ameryce \ud83d\ude09<\/p>\n<p>&nbsp;<\/p>\n<p>I tak oto podzieli\u0142em si\u0119 z Wami moimi marzeniami. Niekt\u00f3re przyziemne, inne prawdziwe, najwa\u017cniejsze, i wszystkie zawarte w jednym s\u0142owie <em><strong>MARZENIA\u00a0<\/strong><\/em><\/p>\n<p>&nbsp;<\/p>\n<p>Pozdrawiam<\/p>\n<p><em>Mariusz\u00a0<\/em><i><\/i><\/p>\n","protected":false},"excerpt":{"rendered":"<a href=\"http:\/\/www.mariuszharasny.pl\/?page_id=31\" style=\"background-image: url(http:\/\/www.mariuszharasny.pl\/wordpress\/wp-content\/uploads\/2013\/11\/nie_rezygnujmy_z_marzen-300x206.jpg);\" class=\"thumb_crop\">http:\/\/www.mariuszharasny.pl\/wordpress\/wp-content\/uploads\/2013\/11\/nie_rezygnujmy_z_marzen-300x206.jpg<\/a><p>Ka\u017cdy z nas ma marzenia. Poka\u017ccie mi cho\u0107 jedn\u0105 osob\u0119, kt\u00f3ra ich nie ma. No w\u0142a\u015bnie \ud83d\ude09 Ja te\u017c mam swoje marzenia. Nie jest ich a\u017c tak du\u017co, kilka istotnych by si\u0119 znalaz\u0142o \ud83d\ude09 M\u00f3wi si\u0119, \u017ce marzenia wypowiedziane g\u0142o\u015bno &hellip;<\/p>\n<div class=\"read_more\"><a href=\"http:\/\/www.mariuszharasny.pl\/?page_id=31\">read more<\/a><\/div>\n","protected":false},"author":1,"featured_media":0,"parent":0,"menu_order":3,"comment_status":"open","ping_status":"closed","template":"","meta":{"ngg_post_thumbnail":0},"_links":{"self":[{"href":"http:\/\/www.mariuszharasny.pl\/index.php?rest_route=\/wp\/v2\/pages\/31"}],"collection":[{"href":"http:\/\/www.mariuszharasny.pl\/index.php?rest_route=\/wp\/v2\/pages"}],"about":[{"href":"http:\/\/www.mariuszharasny.pl\/index.php?rest_route=\/wp\/v2\/types\/page"}],"author":[{"embeddable":true,"href":"http:\/\/www.mariuszharasny.pl\/index.php?rest_route=\/wp\/v2\/users\/1"}],"replies":[{"embeddable":true,"href":"http:\/\/www.mariuszharasny.pl\/index.php?rest_route=%2Fwp%2Fv2%2Fcomments&post=31"}],"version-history":[{"count":5,"href":"http:\/\/www.mariuszharasny.pl\/index.php?rest_route=\/wp\/v2\/pages\/31\/revisions"}],"predecessor-version":[{"id":774,"href":"http:\/\/www.mariuszharasny.pl\/index.php?rest_route=\/wp\/v2\/pages\/31\/revisions\/774"}],"wp:attachment":[{"href":"http:\/\/www.mariuszharasny.pl\/index.php?rest_route=%2Fwp%2Fv2%2Fmedia&parent=31"}],"curies":[{"name":"wp","href":"https:\/\/api.w.org\/{rel}","templated":true}]}}