{"id":23,"date":"2013-11-28T17:22:28","date_gmt":"2013-11-28T16:22:28","guid":{"rendered":"http:\/\/osp.turek.net.pl\/?page_id=23"},"modified":"2019-06-06T09:27:32","modified_gmt":"2019-06-06T07:27:32","slug":"w-mediach","status":"publish","type":"page","link":"http:\/\/www.mariuszharasny.pl\/?page_id=23","title":{"rendered":"W mediach"},"content":{"rendered":"<p><a href=\"http:\/\/www.mariuszharasny.pl\/wordpress\/wp-content\/uploads\/2013\/11\/images.jpg\"><img decoding=\"async\" loading=\"lazy\" class=\"size-full wp-image-782 alignleft\" alt=\"images\" src=\"http:\/\/www.mariuszharasny.pl\/wordpress\/wp-content\/uploads\/2013\/11\/images.jpg\" width=\"208\" height=\"208\" srcset=\"http:\/\/www.mariuszharasny.pl\/wp-content\/uploads\/2013\/11\/images.jpg 208w, http:\/\/www.mariuszharasny.pl\/wp-content\/uploads\/2013\/11\/images-150x150.jpg 150w, http:\/\/www.mariuszharasny.pl\/wp-content\/uploads\/2013\/11\/images-190x190.jpg 190w, http:\/\/www.mariuszharasny.pl\/wp-content\/uploads\/2013\/11\/images-60x59.jpg 60w\" sizes=\"(max-width: 208px) 100vw, 208px\" \/><\/a><\/p>\n<p>&nbsp;<\/p>\n<p>&nbsp;<\/p>\n<p>&nbsp;<\/p>\n<p>&nbsp;<\/p>\n<p>&nbsp;<\/p>\n<p>&nbsp;<\/p>\n<p>Moja historia w reporta\u017cu TVP3 Pozna\u0144<\/p>\n<p><iframe loading=\"lazy\" src=\"\/\/www.youtube.com\/embed\/pCyS1HOyVe0?rel=0\" height=\"360\" width=\"480\" allowfullscreen=\"\" frameborder=\"0\"><\/iframe><br \/>\nO w\u0142asnym pokoju, spe\u0142nieniu marzenia i jego realizacji<br \/>\n<iframe loading=\"lazy\" src=\"\/\/www.youtube.com\/embed\/R6IQe96s_FM?rel=0\" height=\"360\" width=\"480\" allowfullscreen=\"\" frameborder=\"0\"><\/iframe><\/p>\n<p><iframe loading=\"lazy\" width=\"510\" height=\"287\" src=\"https:\/\/www.youtube.com\/embed\/NysYmnlb5Rk?feature=oembed\" frameborder=\"0\" allow=\"accelerometer; autoplay; encrypted-media; gyroscope; picture-in-picture\" allowfullscreen><\/iframe><\/p>\n<p><iframe loading=\"lazy\" width=\"510\" height=\"383\" src=\"https:\/\/www.youtube.com\/embed\/p6OMNg0Rxus?feature=oembed\" frameborder=\"0\" allow=\"accelerometer; autoplay; encrypted-media; gyroscope; picture-in-picture\" allowfullscreen><\/iframe><\/p>\n","protected":false},"excerpt":{"rendered":"<a href=\"http:\/\/www.mariuszharasny.pl\/?page_id=23\" style=\"background-image: url(http:\/\/www.mariuszharasny.pl\/wordpress\/wp-content\/uploads\/2013\/11\/images.jpg);\" class=\"thumb_crop\">http:\/\/www.mariuszharasny.pl\/wordpress\/wp-content\/uploads\/2013\/11\/images.jpg<\/a><p>&nbsp; &nbsp; &nbsp; &nbsp; &nbsp; &nbsp; Moja historia w reporta\u017cu TVP3 Pozna\u0144 O w\u0142asnym pokoju, spe\u0142nieniu marzenia i jego realizacji<\/p>\n","protected":false},"author":1,"featured_media":0,"parent":0,"menu_order":97,"comment_status":"open","ping_status":"open","template":"","meta":{"ngg_post_thumbnail":0},"_links":{"self":[{"href":"http:\/\/www.mariuszharasny.pl\/index.php?rest_route=\/wp\/v2\/pages\/23"}],"collection":[{"href":"http:\/\/www.mariuszharasny.pl\/index.php?rest_route=\/wp\/v2\/pages"}],"about":[{"href":"http:\/\/www.mariuszharasny.pl\/index.php?rest_route=\/wp\/v2\/types\/page"}],"author":[{"embeddable":true,"href":"http:\/\/www.mariuszharasny.pl\/index.php?rest_route=\/wp\/v2\/users\/1"}],"replies":[{"embeddable":true,"href":"http:\/\/www.mariuszharasny.pl\/index.php?rest_route=%2Fwp%2Fv2%2Fcomments&post=23"}],"version-history":[{"count":12,"href":"http:\/\/www.mariuszharasny.pl\/index.php?rest_route=\/wp\/v2\/pages\/23\/revisions"}],"predecessor-version":[{"id":2848,"href":"http:\/\/www.mariuszharasny.pl\/index.php?rest_route=\/wp\/v2\/pages\/23\/revisions\/2848"}],"wp:attachment":[{"href":"http:\/\/www.mariuszharasny.pl\/index.php?rest_route=%2Fwp%2Fv2%2Fmedia&parent=23"}],"curies":[{"name":"wp","href":"https:\/\/api.w.org\/{rel}","templated":true}]}}