{"id":17,"date":"2013-11-28T17:19:14","date_gmt":"2013-11-28T16:19:14","guid":{"rendered":"http:\/\/osp.turek.net.pl\/?page_id=17"},"modified":"2013-12-31T11:21:11","modified_gmt":"2013-12-31T10:21:11","slug":"o-mnie","status":"publish","type":"page","link":"http:\/\/www.mariuszharasny.pl\/?page_id=17","title":{"rendered":"O mnie"},"content":{"rendered":"<p><a href=\"http:\/\/www.mariuszharasny.pl\/wordpress\/wp-content\/uploads\/2013\/11\/DSC0673-1024x685.jpg\"><img decoding=\"async\" loading=\"lazy\" class=\"size-medium wp-image-792 alignleft\" alt=\"_DSC0673 (1024x685)\" src=\"http:\/\/www.mariuszharasny.pl\/wordpress\/wp-content\/uploads\/2013\/11\/DSC0673-1024x685-300x200.jpg\" width=\"300\" height=\"200\" srcset=\"http:\/\/www.mariuszharasny.pl\/wp-content\/uploads\/2013\/11\/DSC0673-1024x685-300x200.jpg 300w, http:\/\/www.mariuszharasny.pl\/wp-content\/uploads\/2013\/11\/DSC0673-1024x685-190x127.jpg 190w, http:\/\/www.mariuszharasny.pl\/wp-content\/uploads\/2013\/11\/DSC0673-1024x685-60x40.jpg 60w, http:\/\/www.mariuszharasny.pl\/wp-content\/uploads\/2013\/11\/DSC0673-1024x685-400x267.jpg 400w, http:\/\/www.mariuszharasny.pl\/wp-content\/uploads\/2013\/11\/DSC0673-1024x685.jpg 1024w\" sizes=\"(max-width: 300px) 100vw, 300px\" \/><\/a>Poni\u017cej znajdziecie moj\u0105 histori\u0119. Histori\u0119, kt\u00f3ra zacz\u0119\u0142a si\u0119 31maja 1998r i trwa do dzi\u015b &#8230; \u00a0 \u00a0Zacz\u0119\u0142o si\u0119 od skoku &#8230; Skoku, kt\u00f3rego nie powinno by\u0107 &#8230;<\/p>\n<p>&nbsp;<\/p>\n<p>&nbsp;<\/p>\n<p>&nbsp;<\/p>\n<p>&nbsp;<\/p>\n<p><b><i>Skok<\/i><\/b><\/p>\n<p>By\u0142 to ostatni dzie\u0144 maja. Pi\u0119kna pogoda, wraz z przyjaci\u00f3\u0142mi wybra\u0142em si\u0119 nad du\u017cy basen. Chocia\u017c by\u0142 koniec maja woda by\u0142a ciep\u0142a, zupe\u0142nie jak w upalne lato. Na pocz\u0105tku nie mia\u0142em ochoty si\u0119 k\u0105pa\u0107, jakbym ju\u017c wtedy co\u015b przeczuwa\u0142. Ale chwile potem by\u0142em ju\u017c w wodzie. Zawsze pierwszy je\u015bli chodzi o p\u0142ywanie i skakanie. Ju\u017c w wieku szkolnym zdoby\u0142em kart\u0119 p\u0142ywack\u0105. Ale to nie mia\u0142o znaczenia, bo przeznaczenia nie da si\u0119 oszuka\u0107. Przy wodzie by\u0142a niewielka pla\u017ca, wzi\u0105\u0142em du\u017cy rozbieg i chcia\u0142em wykona\u0107 sw\u00f3j popisowy numer, skok z saltem w powietrzu. By\u0142em w tym dobry, wszystko mia\u0142em opanowane, ale nie tym razem. Kiedy by\u0142em w powietrzu czu\u0142em, \u017ce zrobi\u0142em co\u015b \u017ale, skok i wybicie si\u0119 w g\u00f3r\u0119 nie by\u0142o takie jak powinno. Co\u015b zrobi\u0142em \u017ale, ale by\u0142o ju\u017c za p\u00f3\u017ano.<\/p>\n<p>\u2026To by\u0142 m\u00f3j ostatni skok\u2026<\/p>\n<p>Pami\u0119tam swoje bezw\u0142adnie zwisaj\u0105ce r\u0119ce, w g\u0142owie panika i niewyobra\u017calny strach. Pragn\u0105\u0142em zaczerpn\u0105\u0107 cho\u0107 \u0142yk powietrza. W ostatnim momencie, kiedy ju\u017c oczy zachodzi\u0142y mg\u0142\u0105, \u017cyczenie si\u0119 spe\u0142ni\u0142o. Szybka reakcja przyjaci\u00f3\u0142 uchroni\u0142a mnie od utraty przytomno\u015bci i zach\u0142y\u015bni\u0119cia si\u0119 wod\u0105. By\u0142em przytomny, ale nie\u015bwiadomy tego w jakim by\u0142em stanie. Nie wiedzia\u0142em, \u017ce ka\u017cdy ruch g\u0142owy mo\u017ce pogorszy\u0107 m\u00f3j stan, chcia\u0142em \u017ceby koledzy przenie\u015bli mnie jak najdalej od wody i pla\u017cy.<\/p>\n<p><b><i>Diagnoza <\/i><\/b><\/p>\n<p>Wszystko dzia\u0142o si\u0119 tak szybko, trafi\u0142em do szpitala w Turku.<\/p>\n<p>Wystarczy\u0142a chwila i ca\u0142e moje \u017cycie stan\u0119\u0142o pod wielkim znakiem zapytania. Nie by\u0142em \u015bwiadomy tego co to znaczy by\u0107 sparali\u017cowanym, nie m\u00f3c ruszy\u0107 \u017cadn\u0105 ko\u0144czyn\u0105. Z szpitala w Turku szybko zosta\u0142em przewieziony do o\u015brodka w Zgierzu. Tam zosta\u0142a przeprowadzona operacja po\u0142\u0105czenia kr\u0119g\u00f3w na odcinku C3 i C4 specjaln\u0105 p\u0142ytk\u0105 platynow\u0105. Skr\u00f3cony opis zabiegu brzmi: Odbarczenie rdzenia kr\u0119gowego na dro\u017cno\u015b\u0107 z korporektomii C4-C5. Przeszczep belki korundowej miedzy trzony C3-C6 . Usztywnienie wewn\u0119trzne przednie p\u0142yt\u0105 tytanow\u0105 cod.ma\/na mi\u0119dzy C3 i C6.<\/p>\n<p><b><i>Przeb\u0142yski<\/i><\/b><b><i><\/i><\/b><\/p>\n<p>Pami\u0119tam tylko przeb\u0142yski takie jak d\u017awi\u0119k maszynki do strzy\u017cenia, kt\u00f3ra zgoli mi w\u0142osy, by\u0142em zdenerwowany z tego powodu. Nie mia\u0142em poj\u0119cia, \u017ce lekarze walcz\u0105 o moje \u017cycie i robi\u0105 to co by\u0142o niezb\u0119dne w tamtym momencie.<\/p>\n<p>Przez ca\u0142\u0105 noc le\u017ca\u0142em na specjalnym wyci\u0105gu, kt\u00f3ry odci\u0105\u017ca\u0142 kr\u0119gos\u0142up po zabiegu. Po operacji chcia\u0142em krzycze\u0107 na tych ludzi, my\u015bla\u0142em Bo\u017ce czego oni chc\u0105, dlaczego mi to robi\u0105?!. Jednak nie mog\u0142em wypowiedzie\u0107 nawet s\u0142owa, uniemo\u017cliwi\u0142a mi to rurka tracheotomijna, dzi\u0119ki kt\u00f3rej mog\u0142em oddycha\u0107.<\/p>\n<p><b><i>OIOM w Koninie<\/i><\/b><\/p>\n<p>Po tygodniu sp\u0119dzonym w Zgierzu zosta\u0142em przewieziony do Konina, gdzie przebywa\u0142em na oddziale intensywnej opieki medycznej. Tam przez pi\u0119\u0107 tygodni walczy\u0142em o \u017cycie &#8211; to by\u0142y dni pe\u0142ne koszmaru i b\u00f3lu. Zapalenie p\u0142uc, wysoka temperatura, odle\u017cyny, sonda w nosie, odsysanie i przekr\u0119canie na boki.<\/p>\n<p><b><i>Rola rodziny<\/i><\/b><\/p>\n<p>Du\u017co by wymienia\u0107; robili zemn\u0105 co chcieli, a ja nawet nie mog\u0142em zaprotestowa\u0107. Dobrze ze mia\u0142em przy sobie rodzic\u00f3w w szczeg\u00f3lno\u015bci tat\u0119, mama mia\u0142a na dniach urodzi\u0107 brata tak upragnionego przeze mnie .Widz\u0105c ich czu\u0142em si\u0119 lepiej, wiedzia\u0142em, \u017ce kto\u015b mnie rozumie. Rodzice &#8211; to w\u0142a\u015bnie oni byli moj\u0105 podpor\u0105 w tym najtrudniejszym czasie. Wystarczy\u0142o, \u017ce spojrzeli na mnie, g\u0142\u00f3wnie w oczy i wiedzieli czego potrzebuje. W tamtym czasie oczy odgrywa\u0142y rol\u0119 komunikacji z bliskimi. Nie musz\u0119 chyba nikogo przekonywa\u0107, \u017ce to by\u0142o dla mnie i mojej psychiki piek\u0142o. Nie dosy\u0107, \u017ce nie mog\u0142em poruszy\u0107 \u017cadn\u0105 z ko\u0144czyn, to na dodatek nie mog\u0142em te\u017c m\u00f3wi\u0107. Opr\u00f3cz rodziny nikt mnie nie rozumia\u0142, mia\u0142em tyle pyta\u0144, kt\u00f3rych nie mog\u0142em zada\u0107. W moim sercu p\u0142on\u0105\u0142 ogromny po\u017car, kt\u00f3ry trawi\u0142 mnie wewn\u0119trznie, niczym nie mog\u0142em powstrzyma\u0107 \u017cywio\u0142u.<\/p>\n<p><b><i>Usuni\u0119cie rurki, zmiana oddzia\u0142u<\/i><\/b><\/p>\n<p>Czas p\u0142yn\u0105\u0142 tak wolno, po pi\u0119ciu tygodniach, kt\u00f3re dla mnie by\u0142y wieczno\u015bci\u0105 nast\u0105pi\u0142a poprawa mog\u0142em samodzielnie oddycha\u0107!. Po usuni\u0119ciu rurki, zaczerpn\u0105\u0142em \u0142yk powietrza, r\u00f3\u017cni\u0142 si\u0119 od tego kt\u00f3rym oddycha\u0142em przez rurk\u0119. By\u0142 czystszy, przenika\u0142 przez moje cia\u0142o i karmi\u0142 tlenem miejsca kt\u00f3re dryfowa\u0142y w mroku, kt\u00f3re traci\u0142y nadziej\u0119. Ten oddech by\u0142 dla mnie czym\u015b w rodzaju przewodnika. To by\u0142 pierwszy impuls optymizmu, odzyska\u0142em co\u015b co uwa\u017ca\u0142em za stracone.<\/p>\n<p>M\u00f3j stan zdrowia by\u0142 oceniony przez lekarzy jako stabilny. Dlatego mog\u0142em ju\u017c opu\u015bci\u0107 oddzia\u0142 ratuj\u0105cy \u017cycie. Kiedy sanitariusze przewozili mnie na inny oddzia\u0142, po\u017cegna\u0142em si\u0119 z personelem kt\u00f3ry uratowa\u0142 mi \u017cycie.<\/p>\n<p>Powiedzia\u0142em dzi\u0119kuje i to co us\u0142ysza\u0142em by\u0142o pi\u0119kne i wzruszaj\u0105ce. Ca\u0142y personel bi\u0142 mi brawa, nigdy tego nie zapomn\u0119. Przy tej okazji, chcia\u0142bym pozdrowi\u0107 tych wspania\u0142ych ludzi. Wyje\u017cd\u017ca\u0142em stamt\u0105d bez \u015bwiadomo\u015bci tego co si\u0119 ze mn\u0105 dalej stanie, jak dalej \u017cy\u0107.<\/p>\n<p><b><i>Szpital w Turku<\/i><\/b><\/p>\n<p>Przysz\u0142o\u015b\u0107 nie by\u0142a ju\u017c tak kolorowa jak przed wypadkiem. Zacz\u0119\u0142a si\u0119 tu\u0142aczka po szpitalach. Powr\u00f3ci\u0142em do tego w Turku. Rodzicom by\u0142o \u0142atwiej si\u0119 mn\u0105 opiekowa\u0107, szpital by\u0142 blisko naszego rodzinnego domu. Uczy\u0142em si\u0119 od nowa m\u00f3wi\u0107, by\u0142o to bardzo trudne, ale zarazem upragnione i pi\u0119kne, wreszcie mog\u0142em si\u0119 normalnie porozumiewa\u0107 z rodzin\u0105 i przyjaci\u00f3\u0142mi.<\/p>\n<p>W Turku sp\u0119dzi\u0142em kawa\u0142 czasu, bo a\u017c 9 miesi\u0119cy. By\u0142y to cholernie d\u0142ugie miesi\u0105ce. Pr\u00f3bowa\u0142em pogodzi\u0107 si\u0119 ze swoim losem i zaakceptowa\u0107 siebie takiego jakim jestem po wypadku. Ale to by\u0142o trudniejsze ni\u017c my\u015bla\u0142em. Psychicznie czu\u0142em si\u0119 zdrowym, silnym ch\u0142opakiem, kt\u00f3ry radzi\u0142 sobie \u015bwietnie ze wszystkimi trudno\u015bciami. Ale rzeczywisto\u015b\u0107 by\u0142a inna, na ka\u017cdym kroku potrzebowa\u0142em pomocy os\u00f3b trzecich. Sam mog\u0142em tylko wodzi\u0107 oczyma po szpitalnych \u015bcianach i sufitach.<\/p>\n<p><b><i>Zapa\u015b\u0107<\/i><\/b><\/p>\n<p>Podczas pobytu w szpitalu, los nie by\u0142 dla mnie \u0142askawy. Wysoka gor\u0105czka i skoki ci\u015bnienia doprowadzi\u0142y do zapa\u015bci serca. Lekarze przekazali rodzinie wstrz\u0105saj\u0105c\u0105 wiadomo\u015b\u0107, powiedzieli, \u017ce nie widz\u0105 nadziei dla syna. Ale dla moich bliskich s\u0142owa lekarzy by\u0142y nie do przyj\u0119cia i ani na chwile nie przestali wierzy\u0107, \u017ce m\u00f3j organizm wygra ze \u015bmierci\u0105. Ta wiara i si\u0142a, kt\u00f3ra bi\u0142a z ich oczu pomog\u0142a, pokona\u0142em traumatyczne chwile i powoli wraca\u0142em do \u015bwiata \u017cywych. To prze\u017cycie by\u0142o takim impulsem i\u017c pomy\u015bla\u0142em, \u017ce skoro wyrwa\u0142em si\u0119 z r\u0105k \u015bmierci, to nie mog\u0119 z tego nie skorzysta\u0107.<\/p>\n<p>Rehabilitacja i wola \u017cycia sprawi\u0142y, \u017ce m\u00f3j stan zdrowia by\u0142 mocno stabilny. Poza tym mia\u0142em ogromne wsparcie ze strony personelu, starannie si\u0119 mn\u0105 opiekowali i nie dali mi odczu\u0107, \u017ce jestem kompletnie bezradny. Ich podej\u015bcie chroni\u0142o mnie przed \u0142atwym wtargni\u0119ciem w \u015bwiat ci\u0119\u017ckiej depresji.<\/p>\n<p><b><i>O\u015brodek rehabilitacyjny w Reptach<\/i><\/b><\/p>\n<p>Ze szpitala w Turku zosta\u0142em przewieziony do profesjonalnego o\u015brodka rehabilitacyjnego w Reptach. To pi\u0119kny kurort w tarnowskich g\u00f3rach. I dopiero tu poczu\u0142em smak prawdziwej rehabilitacji. Pot sp\u0142ywa\u0142 ze mnie strumieniem. Tutaj te\u017c dotar\u0142o do mnie jak b\u0119dzie wygl\u0105da\u0107 moje \u017cycie. Widz\u0105c innych m\u0142odych ludzi na w\u00f3zkach, po podobnym urazie jak moim, z\u0142udzenia, \u017ce b\u0119d\u0119 chodzi\u0142 prys\u0142y. Ale pr\u00f3bowa\u0142em zag\u0142uszy\u0107 z\u0142e my\u015bli i skupi\u0107 si\u0119 na rehabilitacji. I chyba mi si\u0119 uda\u0142o, bo po roku w kt\u00f3rym balansowa\u0142em na granicy \u017cycia i \u015bmierci wyzwoli\u0142em si\u0119 z kajdan \u0142\u00f3\u017cka i usiad\u0142em na w\u00f3zku. Rehabilitacja pozwoli\u0142a mi ogl\u0105da\u0107 \u015bwiat jaki pami\u0119ta\u0142em z przed wypadku. \u015aciany i sufit pokoju zmieni\u0142y kolory, odzyska\u0142em dost\u0119p do koloru nieba i promieni s\u0142o\u0144ca. To by\u0142 prze\u0142om, nie le\u017ca\u0142em ju\u017c jak \u201ek\u0142oda\u201d; otrzyma\u0142em mo\u017cliwo\u015b\u0107 patrzenia na wszystko czego mi tak bardzo brakowa\u0142o. Czu\u0142em si\u0119 du\u017co lepiej, a zawdzi\u0119cza\u0142em to rehabilitacji, ludziom kt\u00f3rzy si\u0119 mn\u0105 zajmowali i rodzinie, kt\u00f3ra tak bardzo mnie wspiera\u0142a. Mia\u0142em w sobie du\u017co wiary i nadziei, \u017ce dzi\u0119ki takiej pracy jak w Reptach mog\u0119 zyska\u0107 jeszcze wi\u0119cej.<\/p>\n<p><b><i>Pozna\u0144 <\/i><\/b><\/p>\n<p>Moim kolejnym krokiem by\u0142 Pozna\u0144. Sze\u015b\u0107 tygodni ci\u0119\u017ckiej pracy w o\u015brodku rehabilitacyjnym. By\u0142o mi trudno, mia\u0142em chwile zw\u0105tpienia, ale ludzie kt\u00f3rzy si\u0119 mn\u0105 zajmowali reagowali w odpowiednich momentach. Nigdy ich nie zapomn\u0119, wspomnienia o nich s\u0105 ciep\u0142e i koj\u0105ce, czasem przywo\u0142uj\u0119 w my\u015blach chwile, w kt\u00f3rych dostarczali mi energii i nowych si\u0142. Dzi\u0119kuje im z ca\u0142ego serca. Wierzyli we mnie bardziej ni\u017c ja sam, motywowali. Czu\u0142em, \u017ce za wszelk\u0105 cen\u0119 chc\u0105 mi pom\u00f3c, \u017ce nie jestem im oboj\u0119tny, cieszyli si\u0119 z post\u0119p\u00f3w razem ze mn\u0105. Lepszej motywacji nie mog\u0142em dosta\u0107. Podziwiam ich za cierpliwo\u015b\u0107 i opanowanie w chwilach w kt\u00f3rych by\u0142em nerwowy i niecierpliwy.<\/p>\n<p><b><i>Dom Pomocy Spo\u0142ecznej w Kole<\/i><\/b><\/p>\n<p>\u017by\u0142em nadziej\u0105 i rehabilitacj\u0105. Mija\u0142y miesi\u0105ce, rodzice opiekowali si\u0119 mn\u0105 w domu jak mogli. Kiedy by\u0142o tylko mo\u017cliwe je\u017adzi\u0142em do o\u015brodk\u00f3w rehabilitacyjnych. Ale chocia\u017c bardzo chcia\u0142em, to nie mog\u0142em korzysta\u0107 zbyt cz\u0119sto z pomocy terapeutycznych plac\u00f3wek. Pojawi\u0142 si\u0119 problem, tetraplegia to skomplikowane schorzenie, rehabilitacja jest niezb\u0119dna do \u017cycia. W domu nie by\u0142o warunk\u00f3w by m\u00f3c optymalnie utrzyma\u0107 zakresy ruchowe ko\u0144czyn. Rodzina robi\u0142a co mog\u0142a, ale potrzebowa\u0142em fachowej opieki pod kontem rehabilitacji i zdrowia. W ostateczno\u015bci wystarczy\u0142by terapeuta rehabilitacji, ale rodzinny bud\u017cet nie pozwala\u0142 na taki krok. Wsp\u00f3lnie musieli\u015bmy podj\u0105\u0107 bolesn\u0105 decyzj\u0119, zamieszka\u0142em w Domu Pomocy Spo\u0142ecznej w Kole. Takie rozwi\u0105zanie by\u0142o dla mnie trudne, ale rozs\u0105dek wymusi\u0142 we mnie ten krok. G\u0142\u00f3wnym powodem by\u0142a regularna rehabilitacja, to by\u0142o najwa\u017cniejsze. W o\u015brodku mia\u0142em przebywa\u0107 p\u00f3\u0142 roku, ale czu\u0142em si\u0119 tam \u015bwietnie. Pozna\u0142em wielu przyjaci\u00f3\u0142 na dobre i z\u0142e. Postanowi\u0142em zosta\u0107 tam d\u0142u\u017cej, t\u0119skni\u0142em za domem, ale w o\u015brodku mia\u0142em profesjonaln\u0105 opiek\u0119. Poza tym nasz dom to pok\u00f3j i kuchnia, a w nich osiem os\u00f3b i male\u0144ki brat, wi\u0119c rozumiecie.<\/p>\n<p>Wszystkie jednak \u015bwi\u0119ta jak i czas wakacyjny sp\u0119dzi\u0142em w domu z rodzin\u0105. O\u015brodek ten zamieszkiwali przede wszystkim starsi, schorowani ludzie. By\u0142em tam najm\u0142odszy, dlatego mo\u017cna powiedzie\u0107, \u017ce by\u0142em tam takim rodzynkiem. Ludzi i personel przede wszystkim p\u0142ci pi\u0119knej, kt\u00f3ry tam pracowa\u0142 tak mocno zarazi\u0142em swoj\u0105 skromn\u0105 osob\u0105, \u017ce do dzisiaj utrzymujemy kontakty, odwiedzaj\u0105 mnie gdy tylko mog\u0105 i mi\u0142o sp\u0119dzamy ze sob\u0105 czas.<\/p>\n<p><b><i>W\u00f3zek elektryczny<\/i><\/b><\/p>\n<p>Z pomoc\u0105 dobrych ludzi kt\u00f3rzy tam pracowali, kt\u00f3rzy otworzyli mi oczy na pewne sprawy i na to o co mog\u0119 si\u0119 ubiega\u0107, uda\u0142o mi si\u0119 za\u0142atwi\u0107 dofinansowanie z PFRON na specjalny w\u00f3zek elektryczny. Otrzymanie tego w\u00f3zka zmieni\u0142o moje \u017cycie o 180 stopni. Mog\u0142em samodzielnie si\u0119 porusza\u0107 za pomoc\u0105 d\u017cojstyka, kt\u00f3ry obs\u0142uguj\u0119 brod\u0105. Wcze\u015bniej by\u0142em zdany na kogo\u015b, kto pcha\u0142 w\u00f3zek. W\u00f3zek ten sprawi\u0142, \u017ce sta\u0142em si\u0119 cho\u0107 troch\u0119 samodzielny i sprawny; pami\u0119tam \u017ce nie mog\u0142em si\u0119 z nim rozsta\u0107 i nawet po 12 godzinach cho\u0107 by\u0142em zm\u0119czony to i tak goni\u0142em siostry po korytarzach .<\/p>\n<p><b><i>Komputer<\/i><\/b><\/p>\n<p>Nast\u0119pnym wyzwaniem by\u0142o dofinansowanie na komputer. Po wielu wysi\u0142kach, po godzinach sp\u0119dzonych nad papierkami i dokumentami dzi\u0119ki ogromnej pracy rodziny i przyjaci\u00f3\u0142 plan si\u0119 zrealizowa\u0142. Pocz\u0105tki by\u0142y trudne, podstaw obs\u0142ugi komputera uczy\u0142em si\u0119 przy u\u017cyciu urz\u0105dzenia o nazwie Sip Puff Switch firmy Harpo. To urz\u0105dzenie montowane na g\u0142owie, pozwalaj\u0105ce na przekazywanie do komputera takiej informacji jak klikanie myszk\u0105, czy przyciskanie przycisku. Do obs\u0142ugi konieczna jest jedynie zdolno\u015b\u0107 do wykonywania niewielkich przechy\u0142\u00f3w g\u0142owy do przodu, do ty\u0142u i na boki oraz umiej\u0119tno\u015b\u0107 dmuchni\u0119cia i zassania powietrza przez ustnik. Urz\u0105dzenie idealne dla os\u00f3b z ca\u0142kowitym niedow\u0142adem ko\u0144czyn g\u00f3rnych. Rozwi\u0105zanie dobre, gdy siedzi si\u0119 na w\u00f3zku. Ja wola\u0142em korzysta\u0107 z w\u00f3zka, gdy na nim siedzia\u0142em, a nie sp\u0119dza\u0107 czas przed komputerem. Szuka\u0142em innego rozwi\u0105zania. Wiedzia\u0142em ju\u017c \u017ce komputer da mi du\u017co mo\u017cliwo\u015bci, otworzy kolejne \u2013 zaraz po w\u00f3zku okno na \u015bwiat.<\/p>\n<p><b><i>Sepsa<\/i><\/b><\/p>\n<p>Prze\u017cy\u0142em w o\u015brodku w Kole bardzo du\u017co mi\u0142ych chwil, lecz niestety musia\u0142em sprosta\u0107 nast\u0119pnej chorobie albo przeciwno\u015bciom losu. Zaatakowa\u0142a mnie sepsa. Trafi\u0142em do szpitala z wysok\u0105 gor\u0105czk\u0105, znikomym ci\u015bnieniem i og\u00f3lnym wyczerpaniem organizmu. TO BY\u0141 CZAS, W KT\u00d3RYM TEN JEDEN RAZ , JEDEN JEDYNY RAZ SI\u0118 PODDA\u0141EM. NIE WIERZY\u0141EM I NIE CHCIA\u0141EM WALCZY\u0106. Gdyby nie rodzina i lekarze, kt\u00f3rzy postawili mnie na nogi nie wiem czy by\u0142bym tu teraz z Wami. Pociesza\u0142 mnie tylko fakt, \u017ce zawsze byli i b\u0119d\u0105 przy mnie najbli\u017csi, a przede wszystkim rodzina &#8211; wtedy ju\u017c tylko mama, bo tato zgin\u0105\u0142 w wypadku trzy lata po moim skoku do wody. Jego odej\u015bcie bole\u015bnie mnie do\u015bwiadczy\u0142o\u2026<\/p>\n<p>Ciesz\u0119 si\u0119, \u017ce dosta\u0142em szans\u0119 na dalsze \u017cycie.<\/p>\n<p><b><i>Marzenia o w\u0142asnym pokoju<\/i><\/b><\/p>\n<p>Wsp\u00f3lnie z mam\u0105 i 4 siostrami zdecydowali\u015bmy, \u017ce chcemy by\u0107 razem. Nie by\u0142o \u0142atwo, nie by\u0142o warunk\u00f3w (wspomnia\u0142em o tym wcze\u015bniej), ale to r\u00f3wnie\u017c uda\u0142o si\u0119 przezwyci\u0119\u017cy\u0107 i dobudowali\u015bmy pok\u00f3j z \u0142azienk\u0105. O tym jak to wygl\u0105da\u0142o dowiecie si\u0119 klikaj\u0105c na link\u00a0<strong><a href=\"http:\/\/www.mariuszharasny.pl\/?page_id=33\">http:\/\/www.mariuszharasny.pl\/?page_id=33<\/a><\/strong><\/p>\n<p><b><i>Internet, szko\u0142a, praca<\/i><\/b><\/p>\n<p>Odk\u0105d wr\u00f3ci\u0142em po tej nieszcz\u0119\u015bliwej sepsie zawsze m\u00f3wi\u0142em o Internecie no i dopi\u0105\u0142em swego; szuka\u0142em wsz\u0119dzie i na wszystkie mo\u017cliwo\u015bci i cztery lata temu w styczniu za\u0142o\u017cy\u0142em Internet radiowy. Pocz\u0105tek by\u0142 trudny (wspominam o nich w sekcji komputer), jednak po nied\u0142ugim czasie znalaz\u0142 si\u0119 przyrz\u0105d dzi\u0119ki kt\u00f3remu zacz\u0105\u0142em na dobre przygod\u0119 z Internetem. Na monitorze znajduje si\u0119 kamerka, kt\u00f3ra szuka specjalnej kropki, kt\u00f3ra znajduj\u0119 si\u0119 na moim czole. To by\u0142o niesamowite, mo\u017cna powiedzie\u0107, \u017ce nie by\u0142em ju\u017c tylko w czterech \u015bcianach. Komputer otworzy\u0142 mi okno na \u015bwiat, otworzy\u0142 nowe mo\u017cliwo\u015bci. Po trzech miesi\u0105cach od zamontowania netu znalaz\u0142em i rozpocz\u0105\u0142em prace przez Internet. Pracuje ju\u017c prawie trzy lata, jest to dla mnie wielka satysfakcja no oczywi\u015bcie mog\u0119 zarobi\u0107 par\u0119 groszy, kt\u00f3re w tak du\u017cej rodzinie s\u0105 bardzo potrzebne.<\/p>\n<p>Musz\u0119 si\u0119 Wam czym\u015b pochwali\u0107 \u2013 dzi\u0119ki Internetowi uda\u0142o mi si\u0119 sko\u0144czy\u0107 szko\u0142\u0119 \u015bredni\u0105. Jestem z siebie dumny, nie wiedzia\u0142em, \u017ce jestem taki zdolny ch\u0142opak \ud83d\ude09<\/p>\n<p>Nadal pracuj\u0119, moim narz\u0119dziem pracy jest oczywi\u015bcie komputer. Praca polega na wyszukiwaniu odpowiednich za\u0142\u0105cznik\u00f3w do danego przetargu. Daje mi to wielk\u0105 satysfakcje. Siostry \u015bmiej\u0105 si\u0119 ze mnie, \u017ce taki to ma dobrze le\u017cy sobie, nie doje\u017cd\u017ca do pracy i co mu do szcz\u0119\u015bcia potrzeba &#8211; chyba tylko dziewczyny \ud83d\ude09<\/p>\n<p>&nbsp;<\/p>\n<p>Zawsze mam kogo\u015b pod r\u0119k\u0105, gdy\u017c mam pi\u0119cioro rodze\u0144stwa. Nie czuj\u0119 si\u0119 nie potrzebny i samotny &#8211; to na pewno nie. Staram si\u0119 pomaga\u0107 swojej rodzinie jak tylko potrafi\u0119, chocia\u017cby s\u0142owem, u\u015bmiechem i swoj\u0105 wol\u0105 walki. Wiem, \u017ce nie raz jestem niezno\u015bny, daj\u0119 swoim najbli\u017cszym popali\u0107, ale kto nie ma z\u0142ych dni.<\/p>\n<p>My\u015bl\u0119 \u017ce jestem w miar\u0119 szcz\u0119\u015bliwym cz\u0142owiekiem, mimo tego i\u017c jestem taki niesamodzielny. Mam zaj\u0119cie, mam swoje marzenia i pragnienia, \u00a0a przede wszystkim mam kochaj\u0105c\u0105 rodzin\u0119.<\/p>\n<p>&nbsp;<\/p>\n<p>Poznali\u015bcie moj\u0105 histori\u0119, chcia\u0142bym aby wielu Wam da\u0142a do my\u015blenia. Nie rozumiem ludzi, kt\u00f3rzy mog\u0105c samodzielnie si\u0119 porusza\u0107, podrapa\u0107 po g\u0142upim nosie czy pracowa\u0107 nie widz\u0105 sensu \u017cycia. Nie wiedz\u0105 co trac\u0105, docenia si\u0119 to wszystko dopiero jak si\u0119 to straci. Uwa\u017cam, \u017ce dla ka\u017cdego jest zawsze nadzieja. Nie od nas zale\u017cy wiele rzeczy, ale to my decydujemy o tym co z tym naszym losem zrobimy, jak dalej nim pokierujemy, jak si\u0119 podniesiemy po upadku i jak prze\u017cyjemy to co nazywa si\u0119 \u017cyciem.<\/p>\n<p>&nbsp;<\/p>\n<p>Pozdrawiam<\/p>\n<p><i>Mariusz<\/i><\/p>\n<p>&nbsp;<\/p>\n<p>&nbsp;<\/p>\n<p><b><i>\u00a0<\/i><\/b><\/p>\n","protected":false},"excerpt":{"rendered":"<a href=\"http:\/\/www.mariuszharasny.pl\/?page_id=17\" style=\"background-image: url(http:\/\/www.mariuszharasny.pl\/wordpress\/wp-content\/uploads\/2013\/11\/DSC0673-1024x685-300x200.jpg);\" class=\"thumb_crop\">http:\/\/www.mariuszharasny.pl\/wordpress\/wp-content\/uploads\/2013\/11\/DSC0673-1024x685-300x200.jpg<\/a><p>Poni\u017cej znajdziecie moj\u0105 histori\u0119. Histori\u0119, kt\u00f3ra zacz\u0119\u0142a si\u0119 31maja 1998r i trwa do dzi\u015b &#8230; \u00a0 \u00a0Zacz\u0119\u0142o si\u0119 od skoku &#8230; Skoku, kt\u00f3rego nie powinno by\u0107 &#8230; &nbsp; &nbsp; &nbsp; &nbsp; Skok By\u0142 to ostatni dzie\u0144 maja. Pi\u0119kna pogoda, wraz &hellip;<\/p>\n<div class=\"read_more\"><a href=\"http:\/\/www.mariuszharasny.pl\/?page_id=17\">read more<\/a><\/div>\n","protected":false},"author":1,"featured_media":0,"parent":0,"menu_order":98,"comment_status":"open","ping_status":"open","template":"","meta":{"ngg_post_thumbnail":0},"_links":{"self":[{"href":"http:\/\/www.mariuszharasny.pl\/index.php?rest_route=\/wp\/v2\/pages\/17"}],"collection":[{"href":"http:\/\/www.mariuszharasny.pl\/index.php?rest_route=\/wp\/v2\/pages"}],"about":[{"href":"http:\/\/www.mariuszharasny.pl\/index.php?rest_route=\/wp\/v2\/types\/page"}],"author":[{"embeddable":true,"href":"http:\/\/www.mariuszharasny.pl\/index.php?rest_route=\/wp\/v2\/users\/1"}],"replies":[{"embeddable":true,"href":"http:\/\/www.mariuszharasny.pl\/index.php?rest_route=%2Fwp%2Fv2%2Fcomments&post=17"}],"version-history":[{"count":15,"href":"http:\/\/www.mariuszharasny.pl\/index.php?rest_route=\/wp\/v2\/pages\/17\/revisions"}],"predecessor-version":[{"id":776,"href":"http:\/\/www.mariuszharasny.pl\/index.php?rest_route=\/wp\/v2\/pages\/17\/revisions\/776"}],"wp:attachment":[{"href":"http:\/\/www.mariuszharasny.pl\/index.php?rest_route=%2Fwp%2Fv2%2Fmedia&parent=17"}],"curies":[{"name":"wp","href":"https:\/\/api.w.org\/{rel}","templated":true}]}}